{"id":14,"date":"2021-11-21T15:14:19","date_gmt":"2021-11-21T14:14:19","guid":{"rendered":"https:\/\/www.bingogrand.sk\/index.php\/about\/"},"modified":"2023-04-23T21:11:22","modified_gmt":"2023-04-23T19:11:22","slug":"popis-hry-bingo","status":"publish","type":"page","link":"https:\/\/www.bingogrand.sk\/index.php\/popis-hry-bingo\/","title":{"rendered":"Popis hry BINGO"},"content":{"rendered":"\t\t<div data-elementor-type=\"wp-page\" data-elementor-id=\"14\" class=\"elementor elementor-14\" data-elementor-post-type=\"page\">\n\t\t\t\t\t\t<section class=\"elementor-section elementor-top-section elementor-element elementor-element-cdd0cbc elementor-section-boxed elementor-section-height-default elementor-section-height-default\" data-id=\"cdd0cbc\" data-element_type=\"section\" data-e-type=\"section\">\n\t\t\t\t\t\t<div class=\"elementor-container elementor-column-gap-default\">\n\t\t\t\t\t<div class=\"elementor-column elementor-col-100 elementor-top-column elementor-element elementor-element-5d377d2\" data-id=\"5d377d2\" data-element_type=\"column\" data-e-type=\"column\">\n\t\t\t<div class=\"elementor-widget-wrap elementor-element-populated\">\n\t\t\t\t\t\t<section class=\"elementor-section elementor-inner-section elementor-element elementor-element-9cbca0f elementor-section-boxed elementor-section-height-default elementor-section-height-default\" data-id=\"9cbca0f\" data-element_type=\"section\" data-e-type=\"section\" data-settings=\"{&quot;background_background&quot;:&quot;classic&quot;}\">\n\t\t\t\t\t\t<div class=\"elementor-container elementor-column-gap-default\">\n\t\t\t\t\t<div class=\"elementor-column elementor-col-100 elementor-inner-column elementor-element elementor-element-c18e6cf\" data-id=\"c18e6cf\" data-element_type=\"column\" data-e-type=\"column\">\n\t\t\t<div class=\"elementor-widget-wrap elementor-element-populated\">\n\t\t\t\t\t\t<div class=\"elementor-element elementor-element-849f3f5 elementor-widget elementor-widget-text-editor\" data-id=\"849f3f5\" data-element_type=\"widget\" data-e-type=\"widget\" data-widget_type=\"text-editor.default\">\n\t\t\t\t<div class=\"elementor-widget-container\">\n\t\t\t\t\t\t\t\t\t<h4><span style=\"color: #808080;\"><strong>BINGO je lot\u00e9riov\u00e1, spolo\u010densk\u00e1, z\u00e1bavn\u00e1 hra, pln\u00e1 o\u010dak\u00e1vania, nap<\/strong><strong>\u00e4<\/strong><strong>tia a\u00a0v\u00fdhier. Po zak\u00fapen\u00ed \u017erebov hr\u00e1\u010dmi sa pristupuje k\u00a0losovaniu v\u00fdhern\u00fdch \u010d\u00edsiel pomocou zlosovacieho zariadenia. Ka\u017ed\u00fd \u017ereb obsahuje p<\/strong><strong>\u00e4tn\u00e1s\u0165 \u010d\u00edsiel usporiadan\u00fdch v troch riadkoch po p\u00e4\u0165 \u010d\u00edsiel. Hr\u00e1\u010d sa ozna\u010den\u00edm vy\u017erebovan\u00fdch \u010d\u00edsiel nach\u00e1dzaj\u00facich sa na jeho zak\u00fapenom \u017erebe bl\u00ed\u017ei k mo\u017enosti v\u00fdhry pr\u00e9mie L\u00cdNIA. Pr\u00e9mia L\u00cdNIA predstavuje vy\u017erebovanie v\u0161etk\u00fdch piatich \u010d\u00edsiel z prv\u00e9ho, druh\u00e9ho, alebo z tretieho riadku \u017erebu. Pri vy\u017erebovan\u00ed predmetn\u00fdch piatich \u010d\u00edsiel hr\u00e1\u010d mus\u00ed hlasom a vizu\u00e1lne upozorni\u0165 obsluhu o <\/strong><strong>dosiahnut\u00ed <\/strong><strong>v\u00fdhry L\u00cdNIA. Hra sa zastav\u00ed na overenie spr\u00e1vnosti \u017erebu a v pr\u00edpade spr\u00e1vnosti overenia sa pokra\u010duje na pr\u00e9miu BINGO. Pr\u00e9mia BINGO je dosiahnut\u00e1 pri vy\u017erebovan\u00ed v\u0161etk\u00fdch 15-tich \u010d\u00edsiel na \u017erebe. Hr\u00e1\u010d na pr\u00e9miu\u00a0 BINGO op\u00e4\u0165 mus\u00ed obsluhu upozorni\u0165 hlasom a vizu\u00e1lne. Op\u00e4\u0165 sa overuje spr\u00e1vnos\u0165 \u017erebu.<\/strong><\/span><\/h4><h4><span style=\"color: #808080;\"><strong>\u010eal\u0161\u00edmi pr\u00e9miami dosiahnute\u013en\u00fdmi pri hre BINGO s\u00fa:<\/strong><\/span><\/h4><h4>\u00a0<\/h4><h4><span style=\"color: #808080;\"><strong>SUPER BINGO 2 \u2013 Akumulovan\u00e9 BINGO, ktor\u00e9 hr\u00e1\u010d z\u00edskava pri dosiahnut\u00ed pr\u00e9mie BINGO do vy\u017erebovania 35 \u010d\u00edsla pr\u00e9mie BINGO vr\u00e1tane, pri vy\u017erebovan\u00ed v\u0161etk\u00fdch 15tich \u010d\u00edsiel jeho \u017erebu.<\/strong><\/span><\/h4><h4><span style=\"color: #808080;\"><strong>\u00a0<\/strong><\/span><\/h4><h4><span style=\"color: #808080;\"><strong>SUPER BINGO 1 \u2013 Akumulovan\u00e9 BINGO, ktor\u00e9 hr\u00e1\u010d z\u00edskava pri dosiahnut\u00ed pr\u00e9mie BINGO do vy\u017erebovania 39 \u010d\u00edsla pr\u00e9mie BINGO vr\u00e1tane, pri vy\u017erebovan\u00ed v\u0161etk\u00fdch 15tich \u010d\u00edsiel jeho \u017erebu.<\/strong><\/span><\/h4><h4><span style=\"color: #808080;\"><strong>\u00a0<\/strong><\/span><\/h4><h4><span style=\"color: #808080;\"><strong>PR\u00c9MIOV\u00c9 BINGO &#8211; Akumulovan\u00e9 BINGO, ktor\u00e9 hr\u00e1\u010d z\u00edskava pri dosiahnut\u00ed pr\u00e9mie BINGO do vy\u017erebovania vopred ur\u010den\u00e9ho po\u010dtu lopti\u010diek pr\u00e9mie BINGO, pri vy\u017erebovan\u00ed v\u0161etk\u00fdch 15tich \u010d\u00edsiel jeho \u017erebu. Pr\u00e9miov\u00e9 BINGO,<\/strong><strong> ktor\u00e9 nem\u00e1 v\u00fdhercu do ur\u010den\u00e9ho po\u010dtu lopti\u010diek, sa v\u00a0ka\u017edej \u010fal\u0161ej hre o\u00a0t\u00fato v\u00fdhru zv\u00fd\u0161i o\u00a0jednu loptu a\u017e do chv\u00edle, k\u00fdm niektor\u00fd z\u00a0hr\u00e1\u010dov nez\u00edska t\u00fato v\u00fdhru. <br \/><\/strong><\/span><\/h4><h4>\u00a0<\/h4><h4><span style=\"color: #808080;\"><strong>\u010eal\u0161ie podrobnosti o uveden\u00fdch v\u00fdhrach s\u00fa uveden\u00e9 v hernom pl\u00e1ne na prev\u00e1dzke.<br \/><\/strong><\/span><\/h4><h4><span style=\"color: #808080;\"><strong>\u00a0<\/strong><\/span><\/h4>\t\t\t\t\t\t\t\t<\/div>\n\t\t\t\t<\/div>\n\t\t\t\t\t<\/div>\n\t\t<\/div>\n\t\t\t\t\t<\/div>\n\t\t<\/section>\n\t\t\t\t\t<\/div>\n\t\t<\/div>\n\t\t\t\t\t<\/div>\n\t\t<\/section>\n\t\t\t\t<\/div>\n\t\t","protected":false},"excerpt":{"rendered":"<p>BINGO je lot\u00e9riov\u00e1, spolo\u010densk\u00e1, z\u00e1bavn\u00e1 hra, pln\u00e1 o\u010dak\u00e1vania, nap\u00e4tia a\u00a0v\u00fdhier. Po zak\u00fapen\u00ed \u017erebov hr\u00e1\u010dmi sa pristupuje k\u00a0losovaniu v\u00fdhern\u00fdch \u010d\u00edsiel pomocou zlosovacieho zariadenia. Ka\u017ed\u00fd \u017ereb obsahuje p\u00e4tn\u00e1s\u0165 \u010d\u00edsiel usporiadan\u00fdch v troch riadkoch po p\u00e4\u0165 \u010d\u00edsiel. Hr\u00e1\u010d sa ozna\u010den\u00edm vy\u017erebovan\u00fdch \u010d\u00edsiel nach\u00e1dzaj\u00facich sa na jeho zak\u00fapenom \u017erebe bl\u00ed\u017ei k mo\u017enosti v\u00fdhry pr\u00e9mie L\u00cdNIA. Pr\u00e9mia L\u00cdNIA predstavuje vy\u017erebovanie &hellip;<\/p>\n<p class=\"read-more\"> <a class=\"\" href=\"https:\/\/www.bingogrand.sk\/index.php\/popis-hry-bingo\/\"> <span class=\"screen-reader-text\">Popis hry BINGO<\/span> \u010c\u00edtajte viac &raquo;<\/a><\/p>\n","protected":false},"author":1,"featured_media":0,"parent":0,"menu_order":0,"comment_status":"closed","ping_status":"closed","template":"","meta":{"site-sidebar-layout":"no-sidebar","site-content-layout":"page-builder","ast-global-header-display":"","ast-banner-title-visibility":"","ast-main-header-display":"","ast-hfb-above-header-display":"","ast-hfb-below-header-display":"","ast-hfb-mobile-header-display":"","site-post-title":"disabled","ast-breadcrumbs-content":"","ast-featured-img":"disabled","footer-sml-layout":"","theme-transparent-header-meta":"enabled","adv-header-id-meta":"","stick-header-meta":"","header-above-stick-meta":"","header-main-stick-meta":"","header-below-stick-meta":"","footnotes":""},"class_list":["post-14","page","type-page","status-publish","hentry"],"_links":{"self":[{"href":"https:\/\/www.bingogrand.sk\/index.php\/wp-json\/wp\/v2\/pages\/14","targetHints":{"allow":["GET"]}}],"collection":[{"href":"https:\/\/www.bingogrand.sk\/index.php\/wp-json\/wp\/v2\/pages"}],"about":[{"href":"https:\/\/www.bingogrand.sk\/index.php\/wp-json\/wp\/v2\/types\/page"}],"author":[{"embeddable":true,"href":"https:\/\/www.bingogrand.sk\/index.php\/wp-json\/wp\/v2\/users\/1"}],"replies":[{"embeddable":true,"href":"https:\/\/www.bingogrand.sk\/index.php\/wp-json\/wp\/v2\/comments?post=14"}],"version-history":[{"count":101,"href":"https:\/\/www.bingogrand.sk\/index.php\/wp-json\/wp\/v2\/pages\/14\/revisions"}],"predecessor-version":[{"id":2149,"href":"https:\/\/www.bingogrand.sk\/index.php\/wp-json\/wp\/v2\/pages\/14\/revisions\/2149"}],"wp:attachment":[{"href":"https:\/\/www.bingogrand.sk\/index.php\/wp-json\/wp\/v2\/media?parent=14"}],"curies":[{"name":"wp","href":"https:\/\/api.w.org\/{rel}","templated":true}]}}