{"id":1470,"date":"2023-04-08T08:34:11","date_gmt":"2023-04-08T06:34:11","guid":{"rendered":"https:\/\/www.bingogrand.sk\/?page_id=1470"},"modified":"2024-01-02T20:42:57","modified_gmt":"2024-01-02T19:42:57","slug":"ponuka-prace","status":"publish","type":"page","link":"https:\/\/www.bingogrand.sk\/index.php\/ponuka-prace\/","title":{"rendered":"Ponuka Pr\u00e1ce"},"content":{"rendered":"\t\t<div data-elementor-type=\"wp-page\" data-elementor-id=\"1470\" class=\"elementor elementor-1470\" data-elementor-post-type=\"page\">\n\t\t\t\t\t\t<section class=\"elementor-section elementor-top-section elementor-element elementor-element-6ec55f4 elementor-section-boxed elementor-section-height-default elementor-section-height-default\" data-id=\"6ec55f4\" data-element_type=\"section\" data-e-type=\"section\">\n\t\t\t\t\t\t<div class=\"elementor-container elementor-column-gap-default\">\n\t\t\t\t\t<div class=\"elementor-column elementor-col-100 elementor-top-column elementor-element elementor-element-be1ae7a\" data-id=\"be1ae7a\" data-element_type=\"column\" data-e-type=\"column\">\n\t\t\t<div class=\"elementor-widget-wrap elementor-element-populated\">\n\t\t\t\t\t\t<div class=\"elementor-element elementor-element-b94b76b elementor-fixed elementor-widget elementor-widget-image\" data-id=\"b94b76b\" data-element_type=\"widget\" data-e-type=\"widget\" data-settings=\"{&quot;_position&quot;:&quot;fixed&quot;}\" data-widget_type=\"image.default\">\n\t\t\t\t<div class=\"elementor-widget-container\">\n\t\t\t\t\t\t\t\t\t\t\t\t\t\t\t<img fetchpriority=\"high\" decoding=\"async\" width=\"1024\" height=\"683\" src=\"https:\/\/www.bingogrand.sk\/wp-content\/uploads\/2023\/04\/2LogoTV-1024x683.jpg\" class=\"attachment-large size-large wp-image-1505\" alt=\"\" srcset=\"https:\/\/www.bingogrand.sk\/wp-content\/uploads\/2023\/04\/2LogoTV-1024x683.jpg 1024w, https:\/\/www.bingogrand.sk\/wp-content\/uploads\/2023\/04\/2LogoTV-300x200.jpg 300w, https:\/\/www.bingogrand.sk\/wp-content\/uploads\/2023\/04\/2LogoTV-768x512.jpg 768w, https:\/\/www.bingogrand.sk\/wp-content\/uploads\/2023\/04\/2LogoTV-1536x1024.jpg 1536w, https:\/\/www.bingogrand.sk\/wp-content\/uploads\/2023\/04\/2LogoTV-2048x1366.jpg 2048w\" sizes=\"(max-width: 1024px) 100vw, 1024px\" \/>\t\t\t\t\t\t\t\t\t\t\t\t\t\t\t<\/div>\n\t\t\t\t<\/div>\n\t\t\t\t<div class=\"elementor-element elementor-element-d2d9e56 elementor-fixed elementor-invisible elementor-widget elementor-widget-heading\" data-id=\"d2d9e56\" data-element_type=\"widget\" data-e-type=\"widget\" data-settings=\"{&quot;_position&quot;:&quot;fixed&quot;,&quot;_animation&quot;:&quot;bounceIn&quot;}\" data-widget_type=\"heading.default\">\n\t\t\t\t<div class=\"elementor-widget-container\">\n\t\t\t\t\t<h2 class=\"elementor-heading-title elementor-size-default\">MOMENT\u00c1LNE NEH\u013dAD\u00c1ME \u017dIADNE POSILY.<\/h2>\t\t\t\t<\/div>\n\t\t\t\t<\/div>\n\t\t\t\t\t<\/div>\n\t\t<\/div>\n\t\t\t\t\t<\/div>\n\t\t<\/section>\n\t\t\t\t<\/div>\n\t\t","protected":false},"excerpt":{"rendered":"<p>MOMENT\u00c1LNE NEH\u013dAD\u00c1ME \u017dIADNE POSILY.<\/p>\n","protected":false},"author":1,"featured_media":0,"parent":0,"menu_order":0,"comment_status":"closed","ping_status":"closed","template":"","meta":{"site-sidebar-layout":"no-sidebar","site-content-layout":"page-builder","ast-global-header-display":"","ast-banner-title-visibility":"","ast-main-header-display":"","ast-hfb-above-header-display":"","ast-hfb-below-header-display":"","ast-hfb-mobile-header-display":"","site-post-title":"disabled","ast-breadcrumbs-content":"","ast-featured-img":"disabled","footer-sml-layout":"","theme-transparent-header-meta":"","adv-header-id-meta":"","stick-header-meta":"","header-above-stick-meta":"","header-main-stick-meta":"","header-below-stick-meta":"","footnotes":""},"class_list":["post-1470","page","type-page","status-publish","hentry"],"_links":{"self":[{"href":"https:\/\/www.bingogrand.sk\/index.php\/wp-json\/wp\/v2\/pages\/1470","targetHints":{"allow":["GET"]}}],"collection":[{"href":"https:\/\/www.bingogrand.sk\/index.php\/wp-json\/wp\/v2\/pages"}],"about":[{"href":"https:\/\/www.bingogrand.sk\/index.php\/wp-json\/wp\/v2\/types\/page"}],"author":[{"embeddable":true,"href":"https:\/\/www.bingogrand.sk\/index.php\/wp-json\/wp\/v2\/users\/1"}],"replies":[{"embeddable":true,"href":"https:\/\/www.bingogrand.sk\/index.php\/wp-json\/wp\/v2\/comments?post=1470"}],"version-history":[{"count":83,"href":"https:\/\/www.bingogrand.sk\/index.php\/wp-json\/wp\/v2\/pages\/1470\/revisions"}],"predecessor-version":[{"id":2343,"href":"https:\/\/www.bingogrand.sk\/index.php\/wp-json\/wp\/v2\/pages\/1470\/revisions\/2343"}],"wp:attachment":[{"href":"https:\/\/www.bingogrand.sk\/index.php\/wp-json\/wp\/v2\/media?parent=1470"}],"curies":[{"name":"wp","href":"https:\/\/api.w.org\/{rel}","templated":true}]}}