{"id":16,"date":"2021-11-21T15:14:44","date_gmt":"2021-11-21T14:14:44","guid":{"rendered":"https:\/\/www.bingogrand.sk\/index.php\/contact\/"},"modified":"2023-04-21T19:44:32","modified_gmt":"2023-04-21T17:44:32","slug":"kontakt-2","status":"publish","type":"page","link":"https:\/\/www.bingogrand.sk\/index.php\/kontakt-2\/","title":{"rendered":"Kontakt"},"content":{"rendered":"\t\t<div data-elementor-type=\"wp-page\" data-elementor-id=\"16\" class=\"elementor elementor-16\" data-elementor-post-type=\"page\">\n\t\t\t\t\t\t<section class=\"elementor-section elementor-top-section elementor-element elementor-element-67f828f elementor-section-height-full elementor-section-boxed elementor-section-height-default elementor-section-items-middle\" data-id=\"67f828f\" data-element_type=\"section\" data-e-type=\"section\" data-settings=\"{&quot;background_background&quot;:&quot;classic&quot;}\">\n\t\t\t\t\t\t<div class=\"elementor-container elementor-column-gap-default\">\n\t\t\t\t\t<div class=\"elementor-column elementor-col-100 elementor-top-column elementor-element elementor-element-c2e76a9\" data-id=\"c2e76a9\" data-element_type=\"column\" data-e-type=\"column\">\n\t\t\t<div class=\"elementor-widget-wrap elementor-element-populated\">\n\t\t\t\t\t\t<section class=\"elementor-section elementor-inner-section elementor-element elementor-element-59cf71f elementor-reverse-mobile elementor-section-boxed elementor-section-height-default elementor-section-height-default\" data-id=\"59cf71f\" data-element_type=\"section\" data-e-type=\"section\">\n\t\t\t\t\t\t<div class=\"elementor-container elementor-column-gap-default\">\n\t\t\t\t\t<div class=\"elementor-column elementor-col-50 elementor-inner-column elementor-element elementor-element-fa3a30c\" data-id=\"fa3a30c\" data-element_type=\"column\" data-e-type=\"column\">\n\t\t\t<div class=\"elementor-widget-wrap elementor-element-populated\">\n\t\t\t\t\t\t<div class=\"elementor-element elementor-element-b29413d elementor-widget elementor-widget-heading\" data-id=\"b29413d\" data-element_type=\"widget\" data-e-type=\"widget\" data-widget_type=\"heading.default\">\n\t\t\t\t<div class=\"elementor-widget-container\">\n\t\t\t\t\t<h4 class=\"elementor-heading-title elementor-size-default\">Kontaktn\u00e9 \u00fadaje:<\/h4>\t\t\t\t<\/div>\n\t\t\t\t<\/div>\n\t\t\t\t<div class=\"elementor-element elementor-element-ce3153c elementor-widget elementor-widget-icon-box\" data-id=\"ce3153c\" data-element_type=\"widget\" data-e-type=\"widget\" data-widget_type=\"icon-box.default\">\n\t\t\t\t<div class=\"elementor-widget-container\">\n\t\t\t\t\t\t\t<div class=\"elementor-icon-box-wrapper\">\n\n\t\t\t\n\t\t\t\t\t\t<div class=\"elementor-icon-box-content\">\n\n\t\t\t\t\t\t\t\t\t<h6 class=\"elementor-icon-box-title\">\n\t\t\t\t\t\t<span  >\n\t\t\t\t\t\t\tEMAIL\t\t\t\t\t\t<\/span>\n\t\t\t\t\t<\/h6>\n\t\t\t\t\n\t\t\t\t\t\t\t\t\t<p class=\"elementor-icon-box-description\">\n\t\t\t\t\t\tbingogrand@bingogrand.sk<br>bingo@bingogrand.sk<br><br>\t\t\t\t\t<\/p>\n\t\t\t\t\n\t\t\t<\/div>\n\t\t\t\n\t\t<\/div>\n\t\t\t\t\t\t<\/div>\n\t\t\t\t<\/div>\n\t\t\t\t<div class=\"elementor-element elementor-element-9b19864 elementor-widget elementor-widget-icon-box\" data-id=\"9b19864\" data-element_type=\"widget\" data-e-type=\"widget\" data-widget_type=\"icon-box.default\">\n\t\t\t\t<div class=\"elementor-widget-container\">\n\t\t\t\t\t\t\t<div class=\"elementor-icon-box-wrapper\">\n\n\t\t\t\n\t\t\t\t\t\t<div class=\"elementor-icon-box-content\">\n\n\t\t\t\t\t\t\t\t\t<h6 class=\"elementor-icon-box-title\">\n\t\t\t\t\t\t<span  >\n\t\t\t\t\t\t\tTELEF\u00d3NNE \u010c\u00cdSLO  \/  WhatsApp  <img decoding=\"async\" src=\"image\/png;base64,iVBORw0KGgoAAAANSUhEUgAAACAAAAAgCAYAAABzenr0AAAEhElEQVRYR61XSUxUQRCtr3EBZVzALTO4RDOAFzUxED2p4MmFaKInYbwZ4pKoiSjqRYVwcElA9CguFz3ghhdFvEkwJmpiZAnGBUZFQGUExrh96\/XQ7V\/nf9BKJpmZ\/7vrddWrV9WazkY+LPZ7iBpiT6kl3kWPhtop+r2XYr\/iYmVgbAoFx2dQaFw65actodzJYf6e4WNXIs0LQPRHL9X2NtL1Lw+VQz87b562knbNXOcJJCmAsx\/rqbavweY4MDaVTzxdbY7oIDKxX0M2bF5AHAHg1CVvzlPrty61IZwWp6+hzVNXUmh8umMQot\/7qHmwjap77ogUSQvy+5cX7HOMhg0AnG97dZo36BvObyqHcj1tT8\/3E3n1Tt3nhyYgOABA5EzMNO1jAmB1ns0vn5tb4npiL0Q4RMWHa3SPyZsgqx2ECcDGjuMq7HB+ZcF+wfB\/taqPtwl8giEdNxcdocCYVPFbATjbU09V3beHX8qgmwv5pf\/gXILf+fa8isT2jHwqm731LwCEvrDjhGA7wnSDnRuJhud1n5soyHUOVo\/GUCGFL8sVOcGHvElZiQiUdtVynTeJfXfNWE97Zm1QPqy8kAtHAwJcQCRgeZPCTMr9CQCr28sE66FmD8Llpr2N4PAgwtVweE4ifKOxotenqHmgXSx9vPgMac0DrTrKDobwVgYjpn2Xv9hLEBppSFFjVrki0UhBXOy9T+VcGTAcRKvqvqVXDzPUKbzh5ztsPlCaBYGlI\/Ut3kekEXF5YK3kdY3e8PWZCoksD7m7TI\/8jTRdns+q5qKGflDJqKIktY0dx3ToOH48CFfY1ldzDcsI4eGtRUcpe2LIjx\/XdwpfHhe9A+nUVrUd0hMEdAaA8lnTdljxYDdXyW5DlYwGiZGIngDgALp+MHpR+YKSWTV9JEBMAGQKEI7HOWdc9znx\/ipd6msUz5N1ty4WLa9hRAIQKSjtvKDXDYsQ6tJKQiMiqGXLt07xFxaXzd5iUsaK99d4frhPa7lCIty6c1npnEySEGKk1fY06LIuK0MR0e\/dDHwoYs2QIPBeTkqIItPz6d3PT6qXyPVwUDOvxHQorMVBYBA17UX8rS7\/kPKYLJ8Age4m0+GVe2tUjcoKPRFSbJXHZGmQDq0DhxMQJ2m3yr4AYJRHJzl2O6XbCJYgql2wjC1f+hEArLXuRUYnQC3xTnrE82Dsd5zJFxat1mjoqqtZT6zg1EAimZmTkimGkf9p1pZexk1IzpgCAJAn64j\/AsbqHCVaw+STZuOAtdOhFfshpRNIHKyUFVRO2OCFddRzrIJWzidyii6Jui0ILPN1y5EgcOqq7no1ZeF\/twlb6\/85qC9v2SvWQt2IdNcrGHSigO9+4Ek2f2RkEKV3uJQMtAnQzYOJiUdaMQvOnpkbHIdc7W7\/E13OaU5hBCinK5cfXiDklcFiW0UY12oHuBfIgRQPIK25qVmqlDCaQ3Su9zepWc7LeR7fjjdNWeFrgta2vTqpZ0\/IFI4L0pYlvQtgbMfdr5V5Ef3xiT+J+1+Qr+JpY1J87WEF\/wfiKqWauP60WQAAAABJRU5ErkJggg==\" alt=\"\">\t\t\t\t\t\t<\/span>\n\t\t\t\t\t<\/h6>\n\t\t\t\t\n\t\t\t\t\t\t\t\t\t<p class=\"elementor-icon-box-description\">\n\t\t\t\t\t\t+421 940 513 127\t\t\t\t\t<\/p>\n\t\t\t\t\n\t\t\t<\/div>\n\t\t\t\n\t\t<\/div>\n\t\t\t\t\t\t<\/div>\n\t\t\t\t<\/div>\n\t\t\t\t<div class=\"elementor-element elementor-element-1184dd7 elementor-widget elementor-widget-icon-box\" data-id=\"1184dd7\" data-element_type=\"widget\" data-e-type=\"widget\" data-widget_type=\"icon-box.default\">\n\t\t\t\t<div class=\"elementor-widget-container\">\n\t\t\t\t\t\t\t<div class=\"elementor-icon-box-wrapper\">\n\n\t\t\t\n\t\t\t\t\t\t<div class=\"elementor-icon-box-content\">\n\n\t\t\t\t\t\t\t\t\t<h6 class=\"elementor-icon-box-title\">\n\t\t\t\t\t\t<span  >\n\t\t\t\t\t\t\tADRESA\t\t\t\t\t\t<\/span>\n\t\t\t\t\t<\/h6>\n\t\t\t\t\n\t\t\t\t\t\t\t\t\t<p class=\"elementor-icon-box-description\">\n\t\t\t\t\t\tN\u00c1MESTIE SNP 482\/23, BRATISLAVA, 811 01\t\t\t\t\t<\/p>\n\t\t\t\t\n\t\t\t<\/div>\n\t\t\t\n\t\t<\/div>\n\t\t\t\t\t\t<\/div>\n\t\t\t\t<\/div>\n\t\t\t\t\t<\/div>\n\t\t<\/div>\n\t\t\t\t<div class=\"elementor-column elementor-col-50 elementor-inner-column elementor-element elementor-element-683ef98\" data-id=\"683ef98\" data-element_type=\"column\" data-e-type=\"column\">\n\t\t\t<div class=\"elementor-widget-wrap elementor-element-populated\">\n\t\t\t\t\t\t<div class=\"elementor-element elementor-element-54e2714 elementor-widget elementor-widget-google_maps\" data-id=\"54e2714\" data-element_type=\"widget\" data-e-type=\"widget\" data-widget_type=\"google_maps.default\">\n\t\t\t\t<div class=\"elementor-widget-container\">\n\t\t\t\t\t\t\t<div class=\"elementor-custom-embed\">\n\t\t\t<iframe loading=\"lazy\"\n\t\t\t\t\tsrc=\"https:\/\/maps.google.com\/maps?q=N%C3%A1mestie%20SNP%20482%2F23%20Bratislava&#038;t=m&#038;z=15&#038;output=embed&#038;iwloc=near\"\n\t\t\t\t\ttitle=\"N\u00e1mestie SNP 482\/23 Bratislava\"\n\t\t\t\t\taria-label=\"N\u00e1mestie SNP 482\/23 Bratislava\"\n\t\t\t><\/iframe>\n\t\t<\/div>\n\t\t\t\t\t\t<\/div>\n\t\t\t\t<\/div>\n\t\t\t\t\t<\/div>\n\t\t<\/div>\n\t\t\t\t\t<\/div>\n\t\t<\/section>\n\t\t\t\t\t<\/div>\n\t\t<\/div>\n\t\t\t\t\t<\/div>\n\t\t<\/section>\n\t\t\t\t<\/div>\n\t\t","protected":false},"excerpt":{"rendered":"<p>Kontaktn\u00e9 \u00fadaje: EMAIL bingogrand@bingogrand.skbingo@bingogrand.sk TELEF\u00d3NNE \u010c\u00cdSLO \/ WhatsApp +421 940 513 127 ADRESA N\u00c1MESTIE SNP 482\/23, BRATISLAVA, 811 01<\/p>\n","protected":false},"author":1,"featured_media":0,"parent":0,"menu_order":0,"comment_status":"closed","ping_status":"closed","template":"","meta":{"site-sidebar-layout":"no-sidebar","site-content-layout":"page-builder","ast-global-header-display":"","ast-banner-title-visibility":"","ast-main-header-display":"","ast-hfb-above-header-display":"","ast-hfb-below-header-display":"","ast-hfb-mobile-header-display":"","site-post-title":"disabled","ast-breadcrumbs-content":"","ast-featured-img":"disabled","footer-sml-layout":"","theme-transparent-header-meta":"enabled","adv-header-id-meta":"","stick-header-meta":"","header-above-stick-meta":"","header-main-stick-meta":"","header-below-stick-meta":"","footnotes":""},"class_list":["post-16","page","type-page","status-publish","hentry"],"_links":{"self":[{"href":"https:\/\/www.bingogrand.sk\/index.php\/wp-json\/wp\/v2\/pages\/16","targetHints":{"allow":["GET"]}}],"collection":[{"href":"https:\/\/www.bingogrand.sk\/index.php\/wp-json\/wp\/v2\/pages"}],"about":[{"href":"https:\/\/www.bingogrand.sk\/index.php\/wp-json\/wp\/v2\/types\/page"}],"author":[{"embeddable":true,"href":"https:\/\/www.bingogrand.sk\/index.php\/wp-json\/wp\/v2\/users\/1"}],"replies":[{"embeddable":true,"href":"https:\/\/www.bingogrand.sk\/index.php\/wp-json\/wp\/v2\/comments?post=16"}],"version-history":[{"count":44,"href":"https:\/\/www.bingogrand.sk\/index.php\/wp-json\/wp\/v2\/pages\/16\/revisions"}],"predecessor-version":[{"id":2126,"href":"https:\/\/www.bingogrand.sk\/index.php\/wp-json\/wp\/v2\/pages\/16\/revisions\/2126"}],"wp:attachment":[{"href":"https:\/\/www.bingogrand.sk\/index.php\/wp-json\/wp\/v2\/media?parent=16"}],"curies":[{"name":"wp","href":"https:\/\/api.w.org\/{rel}","templated":true}]}}